{"id":641,"date":"2015-11-25T06:25:54","date_gmt":"2015-11-25T06:25:54","guid":{"rendered":"http:\/\/www.velozee.de\/Wordpress\/?page_id=641"},"modified":"2015-11-25T06:25:54","modified_gmt":"2015-11-25T06:25:54","slug":"design-4-all","status":"publish","type":"page","link":"http:\/\/www.velozee.de\/Wordpress\/design-4-all\/","title":{"rendered":"Design 4 All"},"content":{"rendered":"<h3>Layout-Workshops, Gestaltungsabl\u00e4ufe und grafische L\u00f6sungen f\u00fcr Nicht-Grafiker.<\/h3>\n","protected":false},"excerpt":{"rendered":"<p>Layout-Workshops, Gestaltungsabl\u00e4ufe und grafische L\u00f6sungen f\u00fcr Nicht-Grafiker.<\/p>\n","protected":false},"author":1,"featured_media":0,"parent":0,"menu_order":0,"comment_status":"closed","ping_status":"closed","template":"","meta":{"footnotes":""},"class_list":["post-641","page","type-page","status-publish","hentry"],"_links":{"self":[{"href":"http:\/\/www.velozee.de\/Wordpress\/wp-json\/wp\/v2\/pages\/641"}],"collection":[{"href":"http:\/\/www.velozee.de\/Wordpress\/wp-json\/wp\/v2\/pages"}],"about":[{"href":"http:\/\/www.velozee.de\/Wordpress\/wp-json\/wp\/v2\/types\/page"}],"author":[{"embeddable":true,"href":"http:\/\/www.velozee.de\/Wordpress\/wp-json\/wp\/v2\/users\/1"}],"replies":[{"embeddable":true,"href":"http:\/\/www.velozee.de\/Wordpress\/wp-json\/wp\/v2\/comments?post=641"}],"version-history":[{"count":1,"href":"http:\/\/www.velozee.de\/Wordpress\/wp-json\/wp\/v2\/pages\/641\/revisions"}],"predecessor-version":[{"id":642,"href":"http:\/\/www.velozee.de\/Wordpress\/wp-json\/wp\/v2\/pages\/641\/revisions\/642"}],"wp:attachment":[{"href":"http:\/\/www.velozee.de\/Wordpress\/wp-json\/wp\/v2\/media?parent=641"}],"curies":[{"name":"wp","href":"https:\/\/api.w.org\/{rel}","templated":true}]}}